{"id":125,"date":"2023-03-21T15:38:16","date_gmt":"2023-03-21T18:38:16","guid":{"rendered":"https:\/\/atuarcasting.com.br\/?page_id=125"},"modified":"2024-08-20T11:55:24","modified_gmt":"2024-08-20T14:55:24","slug":"sobre-atuar","status":"publish","type":"page","link":"https:\/\/atuarcasting.com.br\/index.php\/sobre-atuar\/","title":{"rendered":"A Atuar Casting"},"content":{"rendered":"\t\t<div data-elementor-type=\"wp-page\" data-elementor-id=\"125\" class=\"elementor elementor-125\">\n\t\t\t\t\t\t\t\t\t<section class=\"elementor-section elementor-top-section elementor-element elementor-element-24201c0f elementor-section-content-middle elementor-section-boxed elementor-section-height-default elementor-section-height-default wpr-particle-no wpr-jarallax-no wpr-parallax-no wpr-sticky-section-no\" data-id=\"24201c0f\" data-element_type=\"section\" data-settings=\"{&quot;background_motion_fx_motion_fx_scrolling&quot;:&quot;yes&quot;,&quot;background_background&quot;:&quot;classic&quot;,&quot;background_motion_fx_devices&quot;:[&quot;desktop&quot;,&quot;tablet&quot;,&quot;mobile&quot;]}\">\n\t\t\t\t\t\t<div class=\"elementor-container elementor-column-gap-no\">\n\t\t\t\t\t<div class=\"elementor-column elementor-col-50 elementor-top-column elementor-element elementor-element-111e93d0\" data-id=\"111e93d0\" data-element_type=\"column\">\n\t\t\t<div class=\"elementor-widget-wrap elementor-element-populated\">\n\t\t\t\t\t\t\t\t<div class=\"elementor-element elementor-element-276a6b64 elementor-invisible elementor-widget elementor-widget-image\" data-id=\"276a6b64\" data-element_type=\"widget\" data-settings=\"{&quot;motion_fx_motion_fx_mouse&quot;:&quot;yes&quot;,&quot;motion_fx_mouseTrack_effect&quot;:&quot;yes&quot;,&quot;motion_fx_mouseTrack_speed&quot;:{&quot;unit&quot;:&quot;px&quot;,&quot;size&quot;:0.2,&quot;sizes&quot;:[]},&quot;_animation&quot;:&quot;slideInLeft&quot;,&quot;_animation_tablet&quot;:&quot;none&quot;,&quot;_animation_mobile&quot;:&quot;none&quot;}\" data-widget_type=\"image.default\">\n\t\t\t\t<div class=\"elementor-widget-container\">\n\t\t\t<style>\/*! elementor - v3.6.8 - 27-07-2022 *\/\n.elementor-widget-image{text-align:center}.elementor-widget-image a{display:inline-block}.elementor-widget-image a img[src$=\".svg\"]{width:48px}.elementor-widget-image img{vertical-align:middle;display:inline-block}<\/style>\t\t\t\t\t\t\t\t\t\t\t\t<img loading=\"lazy\" decoding=\"async\" width=\"800\" height=\"421\" src=\"https:\/\/atuarcasting.com.br\/wp-content\/uploads\/2023\/03\/Atuar-casting_logo-preta.png\" class=\"attachment-large size-large\" alt=\"\" srcset=\"https:\/\/atuarcasting.com.br\/wp-content\/uploads\/2023\/03\/Atuar-casting_logo-preta.png 1000w, https:\/\/atuarcasting.com.br\/wp-content\/uploads\/2023\/03\/Atuar-casting_logo-preta-300x158.png 300w, https:\/\/atuarcasting.com.br\/wp-content\/uploads\/2023\/03\/Atuar-casting_logo-preta-768x404.png 768w\" sizes=\"auto, (max-width: 800px) 100vw, 800px\" \/>\t\t\t\t\t\t\t\t\t\t\t\t\t\t\t<\/div>\n\t\t\t\t<\/div>\n\t\t\t\t\t<\/div>\n\t\t<\/div>\n\t\t\t\t<div class=\"elementor-column elementor-col-50 elementor-top-column elementor-element elementor-element-5e0f7ee0 elementor-invisible\" data-id=\"5e0f7ee0\" data-element_type=\"column\" data-settings=\"{&quot;animation&quot;:&quot;fadeIn&quot;,&quot;animation_tablet&quot;:&quot;none&quot;,&quot;animation_mobile&quot;:&quot;none&quot;,&quot;animation_delay&quot;:200}\">\n\t\t\t<div class=\"elementor-widget-wrap elementor-element-populated\">\n\t\t\t\t\t\t\t\t<div class=\"elementor-element elementor-element-1eff2c38 elementor-widget elementor-widget-heading\" data-id=\"1eff2c38\" data-element_type=\"widget\" data-widget_type=\"heading.default\">\n\t\t\t\t<div class=\"elementor-widget-container\">\n\t\t\t<style>\/*! elementor - v3.6.8 - 27-07-2022 *\/\n.elementor-heading-title{padding:0;margin:0;line-height:1}.elementor-widget-heading .elementor-heading-title[class*=elementor-size-]>a{color:inherit;font-size:inherit;line-height:inherit}.elementor-widget-heading .elementor-heading-title.elementor-size-small{font-size:15px}.elementor-widget-heading .elementor-heading-title.elementor-size-medium{font-size:19px}.elementor-widget-heading .elementor-heading-title.elementor-size-large{font-size:29px}.elementor-widget-heading .elementor-heading-title.elementor-size-xl{font-size:39px}.elementor-widget-heading .elementor-heading-title.elementor-size-xxl{font-size:59px}<\/style><h4 class=\"elementor-heading-title elementor-size-default\">quem somos<\/h4>\t\t<\/div>\n\t\t\t\t<\/div>\n\t\t\t\t<div class=\"elementor-element elementor-element-7561fe7 elementor-widget elementor-widget-heading\" data-id=\"7561fe7\" data-element_type=\"widget\" data-widget_type=\"heading.default\">\n\t\t\t\t<div class=\"elementor-widget-container\">\n\t\t\t<h3 class=\"elementor-heading-title elementor-size-default\">A Atuar<\/h3>\t\t<\/div>\n\t\t\t\t<\/div>\n\t\t\t\t<div class=\"elementor-element elementor-element-2b53192b elementor-hidden-tablet elementor-widget elementor-widget-text-editor\" data-id=\"2b53192b\" data-element_type=\"widget\" data-widget_type=\"text-editor.default\">\n\t\t\t\t<div class=\"elementor-widget-container\">\n\t\t\t<style>\/*! elementor - v3.6.8 - 27-07-2022 *\/\n.elementor-widget-text-editor.elementor-drop-cap-view-stacked .elementor-drop-cap{background-color:#818a91;color:#fff}.elementor-widget-text-editor.elementor-drop-cap-view-framed .elementor-drop-cap{color:#818a91;border:3px solid;background-color:transparent}.elementor-widget-text-editor:not(.elementor-drop-cap-view-default) .elementor-drop-cap{margin-top:8px}.elementor-widget-text-editor:not(.elementor-drop-cap-view-default) .elementor-drop-cap-letter{width:1em;height:1em}.elementor-widget-text-editor .elementor-drop-cap{float:left;text-align:center;line-height:1;font-size:50px}.elementor-widget-text-editor .elementor-drop-cap-letter{display:inline-block}<\/style>\t\t\t\t<p>A Atuar Casting e Produ\u00e7\u00f5es Art\u00edsticas foi criada por Andr\u00e9a Varella, produtora, diretora e roteirista, que trabalha na \u00e1rea do audiovisual desde 2007.<\/p><p>Em 2013, fundou a Art&amp;Sonho Produ\u00e7\u00f5es, empresa que produz conte\u00fado te\u00f3rico e pr\u00e1tico, tendo realizado diversos curtas-metragens, workshops e cursos na \u00e1rea do audiovisual.<\/p>\t\t\t\t\t\t<\/div>\n\t\t\t\t<\/div>\n\t\t\t\t<div class=\"elementor-element elementor-element-742bda7e elementor-widget__width-auto elementor-mobile-align-justify elementor-widget-mobile__width-inherit elementor-hidden-desktop elementor-hidden-tablet elementor-widget elementor-widget-button\" data-id=\"742bda7e\" data-element_type=\"widget\" data-widget_type=\"button.default\">\n\t\t\t\t<div class=\"elementor-widget-container\">\n\t\t\t\t\t<div class=\"elementor-button-wrapper\">\n\t\t\t<a href=\"#\" class=\"elementor-button-link elementor-button elementor-size-sm\" role=\"button\">\n\t\t\t\t\t\t<span class=\"elementor-button-content-wrapper\">\n\t\t\t\t\t\t<span class=\"elementor-button-text\">About Us<\/span>\n\t\t<\/span>\n\t\t\t\t\t<\/a>\n\t\t<\/div>\n\t\t\t\t<\/div>\n\t\t\t\t<\/div>\n\t\t\t\t\t<\/div>\n\t\t<\/div>\n\t\t\t\t\t\t\t<\/div>\n\t\t<\/section>\n\t\t\t\t<section class=\"elementor-section elementor-top-section elementor-element elementor-element-ffb8f52 elementor-section-content-middle elementor-section-boxed elementor-section-height-default elementor-section-height-default wpr-particle-no wpr-jarallax-no wpr-parallax-no wpr-sticky-section-no\" data-id=\"ffb8f52\" data-element_type=\"section\" data-settings=\"{&quot;background_motion_fx_motion_fx_scrolling&quot;:&quot;yes&quot;,&quot;background_background&quot;:&quot;classic&quot;,&quot;background_motion_fx_devices&quot;:[&quot;desktop&quot;,&quot;tablet&quot;,&quot;mobile&quot;]}\">\n\t\t\t\t\t\t<div class=\"elementor-container elementor-column-gap-no\">\n\t\t\t\t\t<div class=\"elementor-column elementor-col-33 elementor-top-column elementor-element elementor-element-5306191\" data-id=\"5306191\" data-element_type=\"column\">\n\t\t\t<div class=\"elementor-widget-wrap\">\n\t\t\t\t\t\t\t\t\t<\/div>\n\t\t<\/div>\n\t\t\t\t<div class=\"elementor-column elementor-col-33 elementor-top-column elementor-element elementor-element-628d9ed elementor-invisible\" data-id=\"628d9ed\" data-element_type=\"column\" data-settings=\"{&quot;animation&quot;:&quot;fadeIn&quot;,&quot;animation_tablet&quot;:&quot;none&quot;,&quot;animation_mobile&quot;:&quot;none&quot;,&quot;animation_delay&quot;:200}\">\n\t\t\t<div class=\"elementor-widget-wrap elementor-element-populated\">\n\t\t\t\t\t\t\t\t<div class=\"elementor-element elementor-element-ff3d7c8 elementor-widget elementor-widget-text-editor\" data-id=\"ff3d7c8\" data-element_type=\"widget\" data-widget_type=\"text-editor.default\">\n\t\t\t\t<div class=\"elementor-widget-container\">\n\t\t\t\t\t\t\t<p>Da an\u00e1lise e orienta\u00e7\u00e3o sobre o material do agenciado \u00e0 prospec\u00e7\u00e3o de novos trabalhos, buscamos, sempre, o rigor na an\u00e1lise das propostas apresentadas, visando dar aos nossos talentos, seguran\u00e7a e tranquilidade, para que fa\u00e7am o que sabem melhor: atuar.<\/p>\t\t\t\t\t\t<\/div>\n\t\t\t\t<\/div>\n\t\t\t\t<div class=\"elementor-element elementor-element-8d5b763 elementor-widget elementor-widget-text-editor\" data-id=\"8d5b763\" data-element_type=\"widget\" data-widget_type=\"text-editor.default\">\n\t\t\t\t<div class=\"elementor-widget-container\">\n\t\t\t\t\t\t\t<p>Em 2019 a Atuar Casting tornou-se o bra\u00e7o de casting da produtora e iniciou sua vitoriosa jornada, tendo colocado talentos em s\u00e9ries, longas-metragens e campanhas publicit\u00e1rias e trabalhado, desde ent\u00e3o, com profissionais renomados em todo o pa\u00eds.<\/p><p>Nosso casting \u00e9 diverso, sendo formado por talentos de todas as faixas et\u00e1rias, etnias e g\u00eaneros, dispon\u00edveis seja para s\u00e9ries, comerciais ou filmes.<\/p><p>Tantos os novos talentos, quanto os mais veteranos recebem na Atuar Casting atendimento diferenciado, de uma equipe competente e focada em apresentar novas oportunidades de trabalho.<\/p>\t\t\t\t\t\t<\/div>\n\t\t\t\t<\/div>\n\t\t\t\t<div class=\"elementor-element elementor-element-2013381 elementor-widget__width-auto elementor-mobile-align-justify elementor-widget-mobile__width-inherit elementor-hidden-desktop elementor-hidden-tablet elementor-widget elementor-widget-button\" data-id=\"2013381\" data-element_type=\"widget\" data-widget_type=\"button.default\">\n\t\t\t\t<div class=\"elementor-widget-container\">\n\t\t\t\t\t<div class=\"elementor-button-wrapper\">\n\t\t\t<a href=\"#\" class=\"elementor-button-link elementor-button elementor-size-sm\" role=\"button\">\n\t\t\t\t\t\t<span class=\"elementor-button-content-wrapper\">\n\t\t\t\t\t\t<span class=\"elementor-button-text\">About Us<\/span>\n\t\t<\/span>\n\t\t\t\t\t<\/a>\n\t\t<\/div>\n\t\t\t\t<\/div>\n\t\t\t\t<\/div>\n\t\t\t\t\t<\/div>\n\t\t<\/div>\n\t\t\t\t<div class=\"elementor-column elementor-col-33 elementor-top-column elementor-element elementor-element-7a8fc94 elementor-invisible\" data-id=\"7a8fc94\" data-element_type=\"column\" data-settings=\"{&quot;animation&quot;:&quot;fadeIn&quot;,&quot;animation_tablet&quot;:&quot;none&quot;,&quot;animation_mobile&quot;:&quot;none&quot;,&quot;animation_delay&quot;:200}\">\n\t\t\t<div class=\"elementor-widget-wrap elementor-element-populated\">\n\t\t\t\t\t\t\t\t<div class=\"elementor-element elementor-element-6fa0679 elementor-widget__width-auto elementor-mobile-align-justify elementor-widget-mobile__width-inherit elementor-hidden-desktop elementor-hidden-tablet elementor-widget elementor-widget-button\" data-id=\"6fa0679\" data-element_type=\"widget\" data-widget_type=\"button.default\">\n\t\t\t\t<div class=\"elementor-widget-container\">\n\t\t\t\t\t<div class=\"elementor-button-wrapper\">\n\t\t\t<a href=\"#\" class=\"elementor-button-link elementor-button elementor-size-sm\" role=\"button\">\n\t\t\t\t\t\t<span class=\"elementor-button-content-wrapper\">\n\t\t\t\t\t\t<span class=\"elementor-button-text\">About Us<\/span>\n\t\t<\/span>\n\t\t\t\t\t<\/a>\n\t\t<\/div>\n\t\t\t\t<\/div>\n\t\t\t\t<\/div>\n\t\t\t\t\t<\/div>\n\t\t<\/div>\n\t\t\t\t\t\t\t<\/div>\n\t\t<\/section>\n\t\t\t\t<section class=\"elementor-section elementor-top-section elementor-element elementor-element-b171192 elementor-section-content-middle elementor-section-full_width elementor-section-stretched elementor-section-height-default elementor-section-height-default wpr-particle-no wpr-jarallax-no wpr-parallax-no wpr-sticky-section-no\" data-id=\"b171192\" data-element_type=\"section\" data-settings=\"{&quot;background_motion_fx_motion_fx_scrolling&quot;:&quot;yes&quot;,&quot;background_background&quot;:&quot;classic&quot;,&quot;stretch_section&quot;:&quot;section-stretched&quot;,&quot;background_motion_fx_devices&quot;:[&quot;desktop&quot;,&quot;tablet&quot;,&quot;mobile&quot;]}\">\n\t\t\t\t\t\t<div class=\"elementor-container elementor-column-gap-no\">\n\t\t\t\t\t<div class=\"elementor-column elementor-col-100 elementor-top-column elementor-element elementor-element-d3bb0af elementor-invisible\" data-id=\"d3bb0af\" data-element_type=\"column\" data-settings=\"{&quot;animation&quot;:&quot;fadeIn&quot;,&quot;animation_tablet&quot;:&quot;none&quot;,&quot;animation_mobile&quot;:&quot;none&quot;,&quot;animation_delay&quot;:200}\">\n\t\t\t<div class=\"elementor-widget-wrap elementor-element-populated\">\n\t\t\t\t\t\t\t\t<div class=\"elementor-element elementor-element-ff539c3 elementor-widget__width-auto elementor-mobile-align-justify elementor-widget-mobile__width-inherit elementor-hidden-desktop elementor-hidden-tablet elementor-widget elementor-widget-button\" data-id=\"ff539c3\" data-element_type=\"widget\" data-widget_type=\"button.default\">\n\t\t\t\t<div class=\"elementor-widget-container\">\n\t\t\t\t\t<div class=\"elementor-button-wrapper\">\n\t\t\t<a href=\"#\" class=\"elementor-button-link elementor-button elementor-size-sm\" role=\"button\">\n\t\t\t\t\t\t<span class=\"elementor-button-content-wrapper\">\n\t\t\t\t\t\t<span class=\"elementor-button-text\">About Us<\/span>\n\t\t<\/span>\n\t\t\t\t\t<\/a>\n\t\t<\/div>\n\t\t\t\t<\/div>\n\t\t\t\t<\/div>\n\t\t\t\t<div class=\"elementor-element elementor-element-ee4f49f elementor-arrows-position-inside elementor-widget elementor-widget-image-carousel\" data-id=\"ee4f49f\" data-element_type=\"widget\" data-settings=\"{&quot;slides_to_show&quot;:&quot;5&quot;,&quot;navigation&quot;:&quot;arrows&quot;,&quot;autoplay_speed&quot;:9000,&quot;autoplay&quot;:&quot;yes&quot;,&quot;pause_on_hover&quot;:&quot;yes&quot;,&quot;pause_on_interaction&quot;:&quot;yes&quot;,&quot;infinite&quot;:&quot;yes&quot;,&quot;speed&quot;:500}\" data-widget_type=\"image-carousel.default\">\n\t\t\t\t<div class=\"elementor-widget-container\">\n\t\t\t<style>\/*! elementor - v3.6.8 - 27-07-2022 *\/\n.elementor-widget-image-carousel .swiper-container{position:static}.elementor-widget-image-carousel .swiper-container .swiper-slide figure{line-height:inherit}.elementor-widget-image-carousel .swiper-slide{text-align:center}.elementor-image-carousel-wrapper:not(.swiper-container-initialized) .swiper-slide{max-width:calc(100% \/ var(--e-image-carousel-slides-to-show, 3))}<\/style>\t\t<div class=\"elementor-image-carousel-wrapper swiper-container\" dir=\"ltr\">\n\t\t\t<div class=\"elementor-image-carousel swiper-wrapper swiper-image-stretch\">\n\t\t\t\t\t\t\t\t<div class=\"swiper-slide\"><a data-elementor-open-lightbox=\"yes\" data-elementor-lightbox-slideshow=\"ee4f49f\" data-elementor-lightbox-title=\"Atuar - Casting _ Joana Gatis 6 (3)\" e-action-hash=\"#elementor-action%3Aaction%3Dlightbox%26settings%3DeyJpZCI6MzQ4LCJ1cmwiOiJodHRwczpcL1wvYXR1YXJjYXN0aW5nLmNvbS5iclwvd3AtY29udGVudFwvdXBsb2Fkc1wvMjAyM1wvMDRcL0F0dWFyLUNhc3RpbmctXy1Kb2FuYS1HYXRpcy02LTMuanBnIiwic2xpZGVzaG93IjoiZWU0ZjQ5ZiJ9\" href=\"https:\/\/atuarcasting.com.br\/wp-content\/uploads\/2023\/04\/Atuar-Casting-_-Joana-Gatis-6-3.jpg\"><figure class=\"swiper-slide-inner\"><img decoding=\"async\" class=\"swiper-slide-image\" src=\"https:\/\/atuarcasting.com.br\/wp-content\/uploads\/elementor\/thumbs\/Atuar-Casting-_-Joana-Gatis-6-3-q4vv0ymgtkorf6q8cs3hjup6zowumk3khxd105ykac.jpg\" alt=\"Atuar - Casting _ Joana Gatis 6 (3)\" \/><\/figure><\/a><\/div><div class=\"swiper-slide\"><a data-elementor-open-lightbox=\"yes\" data-elementor-lightbox-slideshow=\"ee4f49f\" data-elementor-lightbox-title=\"Atuar - Casting _ Andr\u00e9 George (4)\" e-action-hash=\"#elementor-action%3Aaction%3Dlightbox%26settings%3DeyJpZCI6MzQ3LCJ1cmwiOiJodHRwczpcL1wvYXR1YXJjYXN0aW5nLmNvbS5iclwvd3AtY29udGVudFwvdXBsb2Fkc1wvMjAyM1wvMDRcL0F0dWFyLUNhc3RpbmctXy1BbmRyZS1HZW9yZ2UtNC5qcGciLCJzbGlkZXNob3ciOiJlZTRmNDlmIn0%3D\" href=\"https:\/\/atuarcasting.com.br\/wp-content\/uploads\/2023\/04\/Atuar-Casting-_-Andre-George-4.jpg\"><figure class=\"swiper-slide-inner\"><img decoding=\"async\" class=\"swiper-slide-image\" src=\"https:\/\/atuarcasting.com.br\/wp-content\/uploads\/elementor\/thumbs\/Atuar-Casting-_-Andre-George-4-q4vutznk4t57baus29m3k414dt9ujdf8jf6dvaaofo.jpg\" alt=\"Atuar - Casting _ Andr\u00e9 George (4)\" \/><\/figure><\/a><\/div><div class=\"swiper-slide\"><a data-elementor-open-lightbox=\"yes\" data-elementor-lightbox-slideshow=\"ee4f49f\" data-elementor-lightbox-title=\"Atuar - Casting _ Roberto Cordovani (2)\" e-action-hash=\"#elementor-action%3Aaction%3Dlightbox%26settings%3DeyJpZCI6MzQyLCJ1cmwiOiJodHRwczpcL1wvYXR1YXJjYXN0aW5nLmNvbS5iclwvd3AtY29udGVudFwvdXBsb2Fkc1wvMjAyM1wvMDRcL0F0dWFyLUNhc3RpbmctXy1Sb2JlcnRvLUNvcmRvdmFuaS0yLmpwZyIsInNsaWRlc2hvdyI6ImVlNGY0OWYifQ%3D%3D\" href=\"https:\/\/atuarcasting.com.br\/wp-content\/uploads\/2023\/04\/Atuar-Casting-_-Roberto-Cordovani-2.jpg\"><figure class=\"swiper-slide-inner\"><img decoding=\"async\" class=\"swiper-slide-image\" src=\"https:\/\/atuarcasting.com.br\/wp-content\/uploads\/elementor\/thumbs\/Atuar-Casting-_-Roberto-Cordovani-2-q4vutpbc1mr1rl9sqn57aon1ukot6pa6u001l8q0c4.jpg\" alt=\"Atuar - Casting _ Roberto Cordovani (2)\" \/><\/figure><\/a><\/div><div class=\"swiper-slide\"><a data-elementor-open-lightbox=\"yes\" data-elementor-lightbox-slideshow=\"ee4f49f\" data-elementor-lightbox-title=\"Atuar - Casting _ Debora Olivieri (4)\" e-action-hash=\"#elementor-action%3Aaction%3Dlightbox%26settings%3DeyJpZCI6MzM1LCJ1cmwiOiJodHRwczpcL1wvYXR1YXJjYXN0aW5nLmNvbS5iclwvd3AtY29udGVudFwvdXBsb2Fkc1wvMjAyM1wvMDRcL0F0dWFyLUNhc3RpbmctXy1EZWJvcmEtT2xpdmllcmktNC5qcGciLCJzbGlkZXNob3ciOiJlZTRmNDlmIn0%3D\" href=\"https:\/\/atuarcasting.com.br\/wp-content\/uploads\/2023\/04\/Atuar-Casting-_-Debora-Olivieri-4.jpg\"><figure class=\"swiper-slide-inner\"><img decoding=\"async\" class=\"swiper-slide-image\" src=\"https:\/\/atuarcasting.com.br\/wp-content\/uploads\/elementor\/thumbs\/Atuar-Casting-_-Debora-Olivieri-4-q4vutc5ldy9191swvhgfbrylj6ho6xty46v8vd9ir8.jpg\" alt=\"Atuar - Casting _ Debora Olivieri (4)\" \/><\/figure><\/a><\/div><div class=\"swiper-slide\"><a data-elementor-open-lightbox=\"yes\" data-elementor-lightbox-slideshow=\"ee4f49f\" data-elementor-lightbox-title=\"Atuar - Casting _ Joana Gatis 6 (4)\" e-action-hash=\"#elementor-action%3Aaction%3Dlightbox%26settings%3DeyJpZCI6MzM4LCJ1cmwiOiJodHRwczpcL1wvYXR1YXJjYXN0aW5nLmNvbS5iclwvd3AtY29udGVudFwvdXBsb2Fkc1wvMjAyM1wvMDRcL0F0dWFyLUNhc3RpbmctXy1Kb2FuYS1HYXRpcy02LTQuanBnIiwic2xpZGVzaG93IjoiZWU0ZjQ5ZiJ9\" href=\"https:\/\/atuarcasting.com.br\/wp-content\/uploads\/2023\/04\/Atuar-Casting-_-Joana-Gatis-6-4.jpg\"><figure class=\"swiper-slide-inner\"><img decoding=\"async\" class=\"swiper-slide-image\" src=\"https:\/\/atuarcasting.com.br\/wp-content\/uploads\/elementor\/thumbs\/Atuar-Casting-_-Joana-Gatis-6-4-q4vuthsmiygr6pkpyjw6qqjd3hpvh4gc4ys5r115pw.jpg\" alt=\"Atuar - Casting _ Joana Gatis 6 (4)\" \/><\/figure><\/a><\/div><div class=\"swiper-slide\"><a data-elementor-open-lightbox=\"yes\" data-elementor-lightbox-slideshow=\"ee4f49f\" data-elementor-lightbox-title=\"Atuar - Casting _ Andr\u00e9 George (2)\" e-action-hash=\"#elementor-action%3Aaction%3Dlightbox%26settings%3DeyJpZCI6MzQ1LCJ1cmwiOiJodHRwczpcL1wvYXR1YXJjYXN0aW5nLmNvbS5iclwvd3AtY29udGVudFwvdXBsb2Fkc1wvMjAyM1wvMDRcL0F0dWFyLUNhc3RpbmctXy1BbmRyZS1HZW9yZ2UtMi5qcGciLCJzbGlkZXNob3ciOiJlZTRmNDlmIn0%3D\" href=\"https:\/\/atuarcasting.com.br\/wp-content\/uploads\/2023\/04\/Atuar-Casting-_-Andre-George-2.jpg\"><figure class=\"swiper-slide-inner\"><img decoding=\"async\" class=\"swiper-slide-image\" src=\"https:\/\/atuarcasting.com.br\/wp-content\/uploads\/elementor\/thumbs\/Atuar-Casting-_-Andre-George-2-q4vutvw7dh020v08o7zla4za09sdol0b6wkfy6g94k.jpg\" alt=\"Atuar - Casting _ Andr\u00e9 George (2)\" \/><\/figure><\/a><\/div><div class=\"swiper-slide\"><a data-elementor-open-lightbox=\"yes\" data-elementor-lightbox-slideshow=\"ee4f49f\" data-elementor-lightbox-title=\"Atuar - Casting _ Roberto Cordovani (1)\" e-action-hash=\"#elementor-action%3Aaction%3Dlightbox%26settings%3DeyJpZCI6MzQxLCJ1cmwiOiJodHRwczpcL1wvYXR1YXJjYXN0aW5nLmNvbS5iclwvd3AtY29udGVudFwvdXBsb2Fkc1wvMjAyM1wvMDRcL0F0dWFyLUNhc3RpbmctXy1Sb2JlcnRvLUNvcmRvdmFuaS0xLmpwZyIsInNsaWRlc2hvdyI6ImVlNGY0OWYifQ%3D%3D\" href=\"https:\/\/atuarcasting.com.br\/wp-content\/uploads\/2023\/04\/Atuar-Casting-_-Roberto-Cordovani-1.jpg\"><figure class=\"swiper-slide-inner\"><img decoding=\"async\" class=\"swiper-slide-image\" src=\"https:\/\/atuarcasting.com.br\/wp-content\/uploads\/elementor\/thumbs\/Atuar-Casting-_-Roberto-Cordovani-1-q4vutnfnnyoh4dcj1mby5p44nsy2rb2q5qp2mossok.jpg\" alt=\"Atuar - Casting _ Roberto Cordovani (1)\" \/><\/figure><\/a><\/div><div class=\"swiper-slide\"><a data-elementor-open-lightbox=\"yes\" data-elementor-lightbox-slideshow=\"ee4f49f\" data-elementor-lightbox-title=\"Atuar - Casting _ Debora Olivieri (2)\" e-action-hash=\"#elementor-action%3Aaction%3Dlightbox%26settings%3DeyJpZCI6MzMzLCJ1cmwiOiJodHRwczpcL1wvYXR1YXJjYXN0aW5nLmNvbS5iclwvd3AtY29udGVudFwvdXBsb2Fkc1wvMjAyM1wvMDRcL0F0dWFyLUNhc3RpbmctXy1EZWJvcmEtT2xpdmllcmktMi5qcGciLCJzbGlkZXNob3ciOiJlZTRmNDlmIn0%3D\" href=\"https:\/\/atuarcasting.com.br\/wp-content\/uploads\/2023\/04\/Atuar-Casting-_-Debora-Olivieri-2.jpg\"><figure class=\"swiper-slide-inner\"><img decoding=\"async\" class=\"swiper-slide-image\" src=\"https:\/\/atuarcasting.com.br\/wp-content\/uploads\/elementor\/thumbs\/Atuar-Casting-_-Debora-Olivieri-2-q4vut8e8mm3vylydhftx1swr5n07c5f0ro9ay9f3g4.jpg\" alt=\"Atuar - Casting _ Debora Olivieri (2)\" \/><\/figure><\/a><\/div>\t\t\t<\/div>\n\t\t\t\t\t\t\t\t\t\t\t\t\t\t\t\t<div class=\"elementor-swiper-button elementor-swiper-button-prev\">\n\t\t\t\t\t\t<i aria-hidden=\"true\" class=\"eicon-chevron-left\"><\/i>\t\t\t\t\t\t<span class=\"elementor-screen-only\">Anterior<\/span>\n\t\t\t\t\t<\/div>\n\t\t\t\t\t<div class=\"elementor-swiper-button elementor-swiper-button-next\">\n\t\t\t\t\t\t<i aria-hidden=\"true\" class=\"eicon-chevron-right\"><\/i>\t\t\t\t\t\t<span class=\"elementor-screen-only\">Pr\u00f3ximo<\/span>\n\t\t\t\t\t<\/div>\n\t\t\t\t\t\t\t\t\t<\/div>\n\t\t\t\t<\/div>\n\t\t\t\t<\/div>\n\t\t\t\t\t<\/div>\n\t\t<\/div>\n\t\t\t\t\t\t\t<\/div>\n\t\t<\/section>\n\t\t\t\t\t\t\t<\/div>\n\t\t","protected":false},"excerpt":{"rendered":"<p>quem somos A Atuar A Atuar Casting e Produ\u00e7\u00f5es Art\u00edsticas foi criada por Andr\u00e9a Varella, produtora, diretora e roteirista, que trabalha na \u00e1rea do audiovisual desde 2007. Em 2013, fundou a Art&amp;Sonho Produ\u00e7\u00f5es, empresa que produz conte\u00fado te\u00f3rico e pr\u00e1tico, tendo realizado diversos curtas-metragens, workshops e cursos na \u00e1rea do audiovisual. About Us Da an\u00e1lise e orienta\u00e7\u00e3o sobre o material do agenciado \u00e0 prospec\u00e7\u00e3o de novos trabalhos, buscamos, sempre, o rigor na an\u00e1lise das propostas apresentadas, visando dar aos nossos talentos, seguran\u00e7a e tranquilidade, para que fa\u00e7am o que sabem melhor: atuar. Em 2019 a Atuar Casting tornou-se o bra\u00e7o de casting da produtora e iniciou sua vitoriosa jornada, tendo colocado talentos em s\u00e9ries, longas-metragens e campanhas publicit\u00e1rias e trabalhado, desde ent\u00e3o, com profissionais renomados em todo o pa\u00eds. Nosso casting \u00e9 diverso, sendo formado por talentos de todas as faixas et\u00e1rias, etnias e g\u00eaneros, dispon\u00edveis seja para s\u00e9ries, comerciais ou filmes. Tantos os novos talentos, quanto os mais veteranos recebem na Atuar Casting atendimento diferenciado, de uma equipe competente e focada em apresentar novas oportunidades de trabalho. About Us About Us About Us Anterior Pr\u00f3ximo<\/p>\n","protected":false},"author":1,"featured_media":0,"parent":0,"menu_order":10,"comment_status":"closed","ping_status":"closed","template":"elementor_header_footer","meta":{"footnotes":""},"class_list":["post-125","page","type-page","status-publish","hentry"],"_links":{"self":[{"href":"https:\/\/atuarcasting.com.br\/index.php\/wp-json\/wp\/v2\/pages\/125","targetHints":{"allow":["GET"]}}],"collection":[{"href":"https:\/\/atuarcasting.com.br\/index.php\/wp-json\/wp\/v2\/pages"}],"about":[{"href":"https:\/\/atuarcasting.com.br\/index.php\/wp-json\/wp\/v2\/types\/page"}],"author":[{"embeddable":true,"href":"https:\/\/atuarcasting.com.br\/index.php\/wp-json\/wp\/v2\/users\/1"}],"replies":[{"embeddable":true,"href":"https:\/\/atuarcasting.com.br\/index.php\/wp-json\/wp\/v2\/comments?post=125"}],"version-history":[{"count":77,"href":"https:\/\/atuarcasting.com.br\/index.php\/wp-json\/wp\/v2\/pages\/125\/revisions"}],"predecessor-version":[{"id":844,"href":"https:\/\/atuarcasting.com.br\/index.php\/wp-json\/wp\/v2\/pages\/125\/revisions\/844"}],"wp:attachment":[{"href":"https:\/\/atuarcasting.com.br\/index.php\/wp-json\/wp\/v2\/media?parent=125"}],"curies":[{"name":"wp","href":"https:\/\/api.w.org\/{rel}","templated":true}]}}